{"id":987478013,"date":"2021-10-20T18:33:05","date_gmt":"2021-10-20T16:33:05","guid":{"rendered":"https:\/\/grall.io\/nuestras-soluciones\/"},"modified":"2021-10-20T18:33:09","modified_gmt":"2021-10-20T16:33:09","slug":"nuestras-soluciones","status":"publish","type":"page","link":"https:\/\/grall.io\/es\/nuestras-soluciones\/","title":{"rendered":"nuestras soluciones"},"content":{"rendered":"<p>[et_pb_section fb_built=\u00bb1&#8243; _builder_version=\u00bb4.9.4&#8243; _module_preset=\u00bbdefault\u00bb background_image=\u00bbhttps:\/\/grall.io\/wp-content\/uploads\/2021\/05\/Image-montagne.png\u00bb parallax=\u00bbon\u00bb parallax_method=\u00bboff\u00bb custom_padding=\u00bb80px||180px|||\u00bb][et_pb_row _builder_version=\u00bb4.9.4&#8243; _module_preset=\u00bbdefault\u00bb][et_pb_column type=\u00bb4_4&#8243; _builder_version=\u00bb4.9.4&#8243; _module_preset=\u00bbdefault\u00bb][et_pb_text _builder_version=\u00bb4.9.4&#8243; _module_preset=\u00bbdefault\u00bb header_font=\u00bbMontserrat|800|||||||\u00bb header_text_color=\u00bb#FFFFFF\u00bb header_font_size=\u00bb43px\u00bb header_line_height=\u00bb1.1em\u00bb custom_padding=\u00bb|||20px|false|false\u00bb header_font_size_tablet=\u00bb\u00bb header_font_size_phone=\u00bb30px\u00bb header_font_size_last_edited=\u00bbon|tablet\u00bb border_radii=\u00bboff|4px|||4px\u00bb border_width_left=\u00bb8px\u00bb border_color_left=\u00bb#26e8bf\u00bb]<\/p>\n<h1>Toucher la bonne personne, au bon endroit, au bon moment permet surtout de\u2026<\/h1>\n<p>[\/et_pb_text][\/et_pb_column][\/et_pb_row][et_pb_row column_structure=\u00bb1_4,3_4&#8243; use_custom_gutter=\u00bbon\u00bb _builder_version=\u00bb4.9.4&#8243; _module_preset=\u00bbdefault\u00bb custom_margin=\u00bb45px|auto||auto||\u00bb][et_pb_column type=\u00bb1_4&#8243; _builder_version=\u00bb4.9.4&#8243; _module_preset=\u00bbdefault\u00bb][et_pb_image src=\u00bbhttps:\/\/grall.io\/wp-content\/uploads\/2021\/05\/Divisez-par-7.png\u00bb title_text=\u00bbDividir por 7&#8243; _builder_version=\u00bb4.9.4&#8243; _module_preset=\u00bbdefault\u00bb][\/et_pb_image][\/et_pb_column][et_pb_column type=\u00bb3_4&#8243; _builder_version=\u00bb4.9.4&#8243; _module_preset=\u00bbdefault\u00bb][et_pb_text _builder_version=\u00bb4.9.4&#8243; _module_preset=\u00bbdefault\u00bb text_font=\u00bbMontserrat|300|||||||\u00bb text_text_color=\u00bb#FFFFFF\u00bb text_font_size=\u00bb20px\u00bb header_2_font=\u00bbMontserrat|700|||||||\u00bb header_2_text_color=\u00bb#FFFFFF\u00bb header_2_font_size=\u00bb35px\u00bb custom_margin=\u00bb12px|||-40px|false|false\u00bb custom_margin_tablet=\u00bb|||0px|false|false\u00bb custom_margin_phone=\u00bb12px|||0px|false|false\u00bb custom_margin_last_edited=\u00bbon|phone\u00bb custom_padding=\u00bb0px||||false|false\u00bb header_2_font_size_tablet=\u00bb\u00bb header_2_font_size_phone=\u00bb32px\u00bb header_2_font_size_last_edited=\u00bbon|tablet\u00bb]<\/p>\n<h2>La pollution digitale de l\u2019acc\u00e8s \u00e0 l\u2019information<\/h2>\n<p><em>Avec GRALL 1 recherche = 5g de CO2 \u00e9mis contre 35g avec les moteurs de recherche<\/em><\/p>\n<p>[\/et_pb_text][\/et_pb_column][\/et_pb_row][et_pb_row column_structure=\u00bb1_4,3_4&#8243; use_custom_gutter=\u00bbon\u00bb _builder_version=\u00bb4.9.4&#8243; _module_preset=\u00bbdefault\u00bb][et_pb_column type=\u00bb1_4&#8243; _builder_version=\u00bb4.9.4&#8243; _module_preset=\u00bbdefault\u00bb][et_pb_image src=\u00bbhttps:\/\/grall.io\/wp-content\/uploads\/2021\/05\/Divisez-par-14.png\u00bb title_text=\u00bbDividir por 14&#8243; _builder_version=\u00bb4.9.4&#8243; _module_preset=\u00bbdefault\u00bb][\/et_pb_image][\/et_pb_column][et_pb_column type=\u00bb3_4&#8243; _builder_version=\u00bb4.9.4&#8243; _module_preset=\u00bbdefault\u00bb][et_pb_text _builder_version=\u00bb4.9.4&#8243; _module_preset=\u00bbdefault\u00bb text_font=\u00bbMontserrat|300|||||||\u00bb text_text_color=\u00bb#FFFFFF\u00bb text_font_size=\u00bb20px\u00bb header_2_font=\u00bbMontserrat|700|||||||\u00bb header_2_text_color=\u00bb#FFFFFF\u00bb header_2_font_size=\u00bb35px\u00bb custom_margin=\u00bb12px|||-40px|false|false\u00bb custom_margin_tablet=\u00bb|||0px|false|false\u00bb custom_margin_phone=\u00bb12px|||0px|false|false\u00bb custom_margin_last_edited=\u00bbon|phone\u00bb custom_padding=\u00bb0px||||false|false\u00bb header_2_font_size_tablet=\u00bb\u00bb header_2_font_size_phone=\u00bb32px\u00bb header_2_font_size_last_edited=\u00bbon|tablet\u00bb]<\/p>\n<h2>L\u2019impact carbone de l\u2019information papier<\/h2>\n<p><em>Plus de 20 milliards de supports publicitaires circulent en France chaque ann\u00e9e<\/em><\/p>\n<p>[\/et_pb_text][\/et_pb_column][\/et_pb_row][et_pb_row column_structure=\u00bb1_3,1_3,1_3&#8243; use_custom_gutter=\u00bbon\u00bb gutter_width=\u00bb1&#8243; _builder_version=\u00bb4.9.4&#8243; _module_preset=\u00bbdefault\u00bb width=\u00bb38%\u00bb width_tablet=\u00bb80%\u00bb width_phone=\u00bb80%\u00bb width_last_edited=\u00bbon|tablet\u00bb custom_margin=\u00bb120px|auto||auto||\u00bb custom_css_main_element=\u00bbdisplay: flex;\u00bb][et_pb_column type=\u00bb1_3&#8243; _builder_version=\u00bb4.9.4&#8243; _module_preset=\u00bbdefault\u00bb][et_pb_blurb title=\u00bbPapel\u00bb image=\u00bbhttps:\/\/grall.io\/wp-content\/uploads\/2021\/05\/Ico\u0302ne-Journal-verte@2x-1.png\u00bb image_max_width=\u00bb50%\u00bb _builder_version=\u00bb4.9.4&#8243; _module_preset=\u00bbdefault\u00bb header_font=\u00bbMontserrat|700||on|||||\u00bb header_text_align=\u00bbcenter\u00bb header_text_color=\u00bb#FFFFFF\u00bb header_font_size=\u00bb30px\u00bb body_font=\u00bbMontserrat|300|||||||\u00bb body_text_align=\u00bbcenter\u00bb body_text_color=\u00bb#FFFFFF\u00bb body_font_size=\u00bb20px\u00bb]<\/p>\n<p><em>10,22 geCO2 \/ Feuille<\/em><\/p>\n<p>[\/et_pb_blurb][\/et_pb_column][et_pb_column type=\u00bb1_3&#8243; _builder_version=\u00bb4.9.4&#8243; _module_preset=\u00bbdefault\u00bb][\/et_pb_column][et_pb_column type=\u00bb1_3&#8243; _builder_version=\u00bb4.9.4&#8243; _module_preset=\u00bbdefault\u00bb][et_pb_blurb title=\u00bbDigital\u00bb image=\u00bbhttps:\/\/grall.io\/wp-content\/uploads\/2021\/05\/Ico\u0302ne-Journal-verte@2x-1.png\u00bb image_max_width=\u00bb50%\u00bb _builder_version=\u00bb4.9.4&#8243; _module_preset=\u00bbdefault\u00bb header_font=\u00bbMontserrat|700||on|||||\u00bb header_text_align=\u00bbcenter\u00bb header_text_color=\u00bb#FFFFFF\u00bb header_font_size=\u00bb30px\u00bb body_font=\u00bbMontserrat|300|||||||\u00bb body_text_align=\u00bbcenter\u00bb body_text_color=\u00bb#FFFFFF\u00bb body_font_size=\u00bb20px\u00bb]<\/p>\n<p><em>0,72 geCO2 page lue<\/em><\/p>\n<p>[\/et_pb_blurb][\/et_pb_column][\/et_pb_row][et_pb_row _builder_version=\u00bb4.9.4&#8243; _module_preset=\u00bbdefault\u00bb custom_margin=\u00bb280px|auto||auto||\u00bb][et_pb_column type=\u00bb4_4&#8243; _builder_version=\u00bb4.9.4&#8243; _module_preset=\u00bbdefault\u00bb][et_pb_text _builder_version=\u00bb4.9.4&#8243; _module_preset=\u00bbdefault\u00bb header_text_color=\u00bb#000000&#8243; header_font_size=\u00bb45px\u00bb header_line_height=\u00bb1.1em\u00bb header_2_font=\u00bbMontserrat|800|||||||\u00bb header_2_text_color=\u00bb#FFFFFF\u00bb header_2_font_size=\u00bb43px\u00bb custom_padding=\u00bb|||20px|false|false\u00bb header_2_font_size_tablet=\u00bb\u00bb header_2_font_size_phone=\u00bb30px\u00bb header_2_font_size_last_edited=\u00bbon|tablet\u00bb border_radii=\u00bboff|4px|||4px\u00bb border_width_left=\u00bb8px\u00bb border_color_left=\u00bb#26e8bf\u00bb]<\/p>\n<h2>Et nous allons encore plus loin dans nos engagements pour la plan\u00e8te !<\/h2>\n<p>[\/et_pb_text][\/et_pb_column][\/et_pb_row][et_pb_row column_structure=\u00bb1_2,1_2&#8243; use_custom_gutter=\u00bbon\u00bb gutter_width=\u00bb4&#8243; _builder_version=\u00bb4.9.4&#8243; _module_preset=\u00bbdefault\u00bb custom_margin=\u00bb40px|auto||auto||\u00bb][et_pb_column type=\u00bb1_2&#8243; _builder_version=\u00bb4.9.4&#8243; _module_preset=\u00bbdefault\u00bb background_color=\u00bbrgba(0,0,0,0.46)\u00bb overflow-x=\u00bbvisible\u00bb overflow-y=\u00bbvisible\u00bb custom_padding=\u00bb|32px|31px|32px|false|true\u00bb border_radii=\u00bbon|25px|25px|25px|25px\u00bb][et_pb_image src=\u00bbhttps:\/\/grall.io\/wp-content\/uploads\/2021\/05\/Logo-reforestaction-blanc@2x.png\u00bb title_text=\u00bbLogo reforest&#8217;action blanc@2x\u00bb _builder_version=\u00bb4.9.4&#8243; _module_preset=\u00bbdefault\u00bb position_origin_a=\u00bbtop_center\u00bb width=\u00bb70%\u00bb module_alignment=\u00bbcenter\u00bb custom_margin=\u00bb-44px||||false|false\u00bb custom_margin_tablet=\u00bb\u00bb custom_margin_phone=\u00bb-22px||||false|false\u00bb custom_margin_last_edited=\u00bbon|phone\u00bb][\/et_pb_image][et_pb_text _builder_version=\u00bb4.9.4&#8243; _module_preset=\u00bbdefault\u00bb text_font=\u00bbMontserrat|300|||||||\u00bb text_text_color=\u00bb#FFFFFF\u00bb text_orientation=\u00bbcenter\u00bb]<\/p>\n<p>Grall plante 1 arbre pour chaque point de g\u00e9o-information vendu gr\u00e2ce \u00e0 Reforest\u2019Action<\/p>\n<p>[\/et_pb_text][et_pb_image src=\u00bbhttps:\/\/grall.io\/wp-content\/uploads\/2021\/05\/Image-Point-et-Arbre.png\u00bb title_text=\u00bbImage Point et Arbre\u00bb _builder_version=\u00bb4.9.4&#8243; _module_preset=\u00bbdefault\u00bb width=\u00bb68%\u00bb width_tablet=\u00bb\u00bb width_phone=\u00bb90%\u00bb width_last_edited=\u00bbon|tablet\u00bb module_alignment=\u00bbcenter\u00bb][\/et_pb_image][\/et_pb_column][et_pb_column type=\u00bb1_2&#8243; _builder_version=\u00bb4.9.4&#8243; _module_preset=\u00bbdefault\u00bb background_color=\u00bbrgba(0,0,0,0.46)\u00bb overflow-x=\u00bbvisible\u00bb overflow-y=\u00bbvisible\u00bb custom_padding=\u00bb|32px|86px|32px|false|true\u00bb border_radii=\u00bbon|25px|25px|25px|25px\u00bb][et_pb_image src=\u00bbhttps:\/\/grall.io\/wp-content\/uploads\/2021\/05\/Ico\u0302ne-terre-blanche@2x.png\u00bb title_text=\u00bbIco\u0302ne terre blanche@2x\u00bb align=\u00bbcenter\u00bb _builder_version=\u00bb4.9.4&#8243; _module_preset=\u00bbdefault\u00bb width=\u00bb15%\u00bb custom_margin=\u00bb-40px||2px||false|false\u00bb custom_margin_tablet=\u00bb\u00bb custom_margin_phone=\u00bb-40px||||false|false\u00bb custom_margin_last_edited=\u00bbon|phone\u00bb custom_padding=\u00bb20px||||false|false\u00bb][\/et_pb_image][et_pb_text _builder_version=\u00bb4.9.4&#8243; _module_preset=\u00bbdefault\u00bb header_4_font=\u00bbMontserrat|600||on|||||\u00bb header_4_text_align=\u00bbcenter\u00bb header_4_text_color=\u00bb#FFFFFF\u00bb header_4_font_size=\u00bb36px\u00bb header_4_font_size_tablet=\u00bb\u00bb header_4_font_size_phone=\u00bb28px\u00bb header_4_font_size_last_edited=\u00bbon|tablet\u00bb]<\/p>\n<h4>Notre objectif<\/h4>\n<p>[\/et_pb_text][et_pb_blurb use_icon=\u00bbon\u00bb font_icon=\u00bb%%45%%\u00bb icon_color=\u00bb#28eecf\u00bb icon_placement=\u00bbleft\u00bb use_icon_font_size=\u00bbon\u00bb icon_font_size=\u00bb50px\u00bb _builder_version=\u00bb4.9.4&#8243; _module_preset=\u00bbdefault\u00bb body_font=\u00bbMontserrat|600|||||||\u00bb body_text_color=\u00bb#FFFFFF\u00bb body_font_size=\u00bb25px\u00bb body_line_height=\u00bb1.2em\u00bb body_font_size_tablet=\u00bb\u00bb body_font_size_phone=\u00bb20px\u00bb body_font_size_last_edited=\u00bbon|phone\u00bb]<\/p>\n<p>5 millions de points d\u2019ici 2025 soit&#8230;<\/p>\n<p>[\/et_pb_blurb][et_pb_blurb use_icon=\u00bbon\u00bb font_icon=\u00bb%%45%%\u00bb icon_color=\u00bb#28eecf\u00bb icon_placement=\u00bbleft\u00bb use_icon_font_size=\u00bbon\u00bb icon_font_size=\u00bb50px\u00bb _builder_version=\u00bb4.9.4&#8243; _module_preset=\u00bbdefault\u00bb body_font=\u00bbMontserrat|600|||||||\u00bb body_text_color=\u00bb#FFFFFF\u00bb body_font_size=\u00bb25px\u00bb body_line_height=\u00bb1.2em\u00bb body_font_size_tablet=\u00bb\u00bb body_font_size_phone=\u00bb20px\u00bb body_font_size_last_edited=\u00bbon|phone\u00bb]<\/p>\n<p>750 millions de tonnes de CO2 \u00e9conomis\u00e9s<\/p>\n<p>[\/et_pb_blurb][\/et_pb_column][\/et_pb_row][\/et_pb_section]<\/p>\n","protected":false},"excerpt":{"rendered":"<p>Toucher la bonne personne, au bon endroit, au bon moment permet surtout de\u2026La pollution digitale de l\u2019acc\u00e8s \u00e0 l\u2019information Avec GRALL 1 recherche = 5g de CO2 \u00e9mis contre 35g avec les moteurs de rechercheL\u2019impact carbone de l\u2019information papier Plus de 20 milliards de supports publicitaires circulent en France chaque ann\u00e9e10,22 geCO2 \/ Feuille0,72 geCO2 [&hellip;]<\/p>\n","protected":false},"author":1,"featured_media":0,"parent":0,"menu_order":0,"comment_status":"closed","ping_status":"closed","template":"","meta":{"_et_pb_use_builder":"on","_et_pb_old_content":"","_et_gb_content_width":"","footnotes":""},"class_list":["post-987478013","page","type-page","status-publish","hentry"],"yoast_head":"<!-- This site is optimized with the Yoast SEO plugin v24.9 - https:\/\/yoast.com\/wordpress\/plugins\/seo\/ -->\n<title>nuestras soluciones - Grall<\/title>\n<meta name=\"robots\" content=\"index, follow, max-snippet:-1, max-image-preview:large, max-video-preview:-1\" \/>\n<link rel=\"canonical\" href=\"https:\/\/grall.io\/es\/nuestras-soluciones\/\" \/>\n<meta property=\"og:locale\" content=\"es_ES\" \/>\n<meta property=\"og:type\" content=\"article\" \/>\n<meta property=\"og:title\" content=\"nuestras soluciones - Grall\" \/>\n<meta property=\"og:description\" content=\"Toucher la bonne personne, au bon endroit, au bon moment permet surtout de\u2026La pollution digitale de l\u2019acc\u00e8s \u00e0 l\u2019information Avec GRALL 1 recherche = 5g de CO2 \u00e9mis contre 35g avec les moteurs de rechercheL\u2019impact carbone de l\u2019information papier Plus de 20 milliards de supports publicitaires circulent en France chaque ann\u00e9e10,22 geCO2 \/ Feuille0,72 geCO2 [&hellip;]\" \/>\n<meta property=\"og:url\" content=\"https:\/\/grall.io\/es\/nuestras-soluciones\/\" \/>\n<meta property=\"og:site_name\" content=\"Grall\" \/>\n<meta property=\"article:modified_time\" content=\"2021-10-20T16:33:09+00:00\" \/>\n<meta name=\"twitter:card\" content=\"summary_large_image\" \/>\n<meta name=\"twitter:label1\" content=\"Tiempo de lectura\" \/>\n\t<meta name=\"twitter:data1\" content=\"6 minutos\" \/>\n<script type=\"application\/ld+json\" class=\"yoast-schema-graph\">{\"@context\":\"https:\/\/schema.org\",\"@graph\":[{\"@type\":\"WebPage\",\"@id\":\"https:\/\/grall.io\/es\/nuestras-soluciones\/\",\"url\":\"https:\/\/grall.io\/es\/nuestras-soluciones\/\",\"name\":\"nuestras soluciones - Grall\",\"isPartOf\":{\"@id\":\"https:\/\/grall.io\/es\/#website\"},\"datePublished\":\"2021-10-20T16:33:05+00:00\",\"dateModified\":\"2021-10-20T16:33:09+00:00\",\"breadcrumb\":{\"@id\":\"https:\/\/grall.io\/es\/nuestras-soluciones\/#breadcrumb\"},\"inLanguage\":\"es\",\"potentialAction\":[{\"@type\":\"ReadAction\",\"target\":[\"https:\/\/grall.io\/es\/nuestras-soluciones\/\"]}]},{\"@type\":\"BreadcrumbList\",\"@id\":\"https:\/\/grall.io\/es\/nuestras-soluciones\/#breadcrumb\",\"itemListElement\":[{\"@type\":\"ListItem\",\"position\":1,\"name\":\"Accueil\",\"item\":\"https:\/\/grall.io\/es\/\"},{\"@type\":\"ListItem\",\"position\":2,\"name\":\"nuestras soluciones\"}]},{\"@type\":\"WebSite\",\"@id\":\"https:\/\/grall.io\/es\/#website\",\"url\":\"https:\/\/grall.io\/es\/\",\"name\":\"Grall by glorytech\",\"description\":\"Grall\",\"potentialAction\":[{\"@type\":\"SearchAction\",\"target\":{\"@type\":\"EntryPoint\",\"urlTemplate\":\"https:\/\/grall.io\/es\/?s={search_term_string}\"},\"query-input\":{\"@type\":\"PropertyValueSpecification\",\"valueRequired\":true,\"valueName\":\"search_term_string\"}}],\"inLanguage\":\"es\"}]}<\/script>\n<!-- \/ Yoast SEO plugin. -->","yoast_head_json":{"title":"nuestras soluciones - Grall","robots":{"index":"index","follow":"follow","max-snippet":"max-snippet:-1","max-image-preview":"max-image-preview:large","max-video-preview":"max-video-preview:-1"},"canonical":"https:\/\/grall.io\/es\/nuestras-soluciones\/","og_locale":"es_ES","og_type":"article","og_title":"nuestras soluciones - Grall","og_description":"Toucher la bonne personne, au bon endroit, au bon moment permet surtout de\u2026La pollution digitale de l\u2019acc\u00e8s \u00e0 l\u2019information Avec GRALL 1 recherche = 5g de CO2 \u00e9mis contre 35g avec les moteurs de rechercheL\u2019impact carbone de l\u2019information papier Plus de 20 milliards de supports publicitaires circulent en France chaque ann\u00e9e10,22 geCO2 \/ Feuille0,72 geCO2 [&hellip;]","og_url":"https:\/\/grall.io\/es\/nuestras-soluciones\/","og_site_name":"Grall","article_modified_time":"2021-10-20T16:33:09+00:00","twitter_card":"summary_large_image","twitter_misc":{"Tiempo de lectura":"6 minutos"},"schema":{"@context":"https:\/\/schema.org","@graph":[{"@type":"WebPage","@id":"https:\/\/grall.io\/es\/nuestras-soluciones\/","url":"https:\/\/grall.io\/es\/nuestras-soluciones\/","name":"nuestras soluciones - Grall","isPartOf":{"@id":"https:\/\/grall.io\/es\/#website"},"datePublished":"2021-10-20T16:33:05+00:00","dateModified":"2021-10-20T16:33:09+00:00","breadcrumb":{"@id":"https:\/\/grall.io\/es\/nuestras-soluciones\/#breadcrumb"},"inLanguage":"es","potentialAction":[{"@type":"ReadAction","target":["https:\/\/grall.io\/es\/nuestras-soluciones\/"]}]},{"@type":"BreadcrumbList","@id":"https:\/\/grall.io\/es\/nuestras-soluciones\/#breadcrumb","itemListElement":[{"@type":"ListItem","position":1,"name":"Accueil","item":"https:\/\/grall.io\/es\/"},{"@type":"ListItem","position":2,"name":"nuestras soluciones"}]},{"@type":"WebSite","@id":"https:\/\/grall.io\/es\/#website","url":"https:\/\/grall.io\/es\/","name":"Grall by glorytech","description":"Grall","potentialAction":[{"@type":"SearchAction","target":{"@type":"EntryPoint","urlTemplate":"https:\/\/grall.io\/es\/?s={search_term_string}"},"query-input":{"@type":"PropertyValueSpecification","valueRequired":true,"valueName":"search_term_string"}}],"inLanguage":"es"}]}},"_links":{"self":[{"href":"https:\/\/grall.io\/es\/wp-json\/wp\/v2\/pages\/987478013","targetHints":{"allow":["GET"]}}],"collection":[{"href":"https:\/\/grall.io\/es\/wp-json\/wp\/v2\/pages"}],"about":[{"href":"https:\/\/grall.io\/es\/wp-json\/wp\/v2\/types\/page"}],"author":[{"embeddable":true,"href":"https:\/\/grall.io\/es\/wp-json\/wp\/v2\/users\/1"}],"replies":[{"embeddable":true,"href":"https:\/\/grall.io\/es\/wp-json\/wp\/v2\/comments?post=987478013"}],"version-history":[{"count":7,"href":"https:\/\/grall.io\/es\/wp-json\/wp\/v2\/pages\/987478013\/revisions"}],"predecessor-version":[{"id":987478020,"href":"https:\/\/grall.io\/es\/wp-json\/wp\/v2\/pages\/987478013\/revisions\/987478020"}],"wp:attachment":[{"href":"https:\/\/grall.io\/es\/wp-json\/wp\/v2\/media?parent=987478013"}],"curies":[{"name":"wp","href":"https:\/\/api.w.org\/{rel}","templated":true}]}}